{"id":578,"date":"2024-05-19T11:21:56","date_gmt":"2024-05-19T09:21:56","guid":{"rendered":"https:\/\/luckyservices74190.com\/index.php\/colibri-wp\/"},"modified":"2025-10-26T20:20:54","modified_gmt":"2025-10-26T19:20:54","slug":"colibri-wp","status":"publish","type":"page","link":"https:\/\/luckyservices74190.com\/","title":{"rendered":"Pension pour Animaux (74190)"},"content":{"rendered":"<div data-colibri-id=\"578-c1\" class=\"style-499 style-local-578-c1 position-relative\">\n  <!---->\n  <div data-colibri-component=\"section\" data-colibri-id=\"578-c2\" id=\"overlappable\" class=\"h-section h-section-global-spacing d-flex align-items-lg-start align-items-md-start align-items-start style-507 style-local-578-c2 position-relative\">\n    <!---->\n    <!---->\n    <div class=\"h-section-grid-container h-section-fluid-container\">\n      <!---->\n      <div data-colibri-id=\"578-c3\" class=\"h-row-container gutters-row-lg-0 gutters-row-md-0 gutters-row-2 gutters-row-v-lg-0 gutters-row-v-md-0 gutters-row-v-2 style-508 style-local-578-c3 position-relative\">\n        <!---->\n        <div class=\"h-row justify-content-lg-center justify-content-md-center justify-content-center align-items-lg-stretch align-items-md-stretch align-items-stretch gutters-col-lg-0 gutters-col-md-0 gutters-col-2 gutters-col-v-lg-0 gutters-col-v-md-0 gutters-col-v-2\">\n          <!---->\n          <div class=\"h-column h-column-container d-flex h-col-lg-3 h-col-md-3 h-col-12 style-509-outer style-local-578-c4-outer\">\n            <div data-colibri-id=\"578-c4\" class=\"d-flex h-flex-basis h-column__inner h-px-lg-3 h-px-md-3 h-px-2 v-inner-lg-3 v-inner-md-3 v-inner-2 style-509 style-local-578-c4 position-relative\">\n              <!---->\n              <!---->\n              <div class=\"w-100 h-y-container h-column__content h-column__v-align flex-basis-100 align-self-lg-center align-self-md-center align-self-center\">\n                <!---->\n                <div data-colibri-id=\"578-c5\" class=\"h-global-transition-all h-heading style-511 style-local-578-c5 position-relative h-element\">\n                  <!---->\n                  <div class=\"h-heading__outer style-511 style-local-578-c5\">\n                    <!---->\n                    <!---->\n                    <h5 class=\"\">01\/10\/2021<\/h5>\n                  <\/div>\n                <\/div>\n                <div data-colibri-id=\"578-c6\" class=\"h-icon style-510 style-local-578-c6 position-relative h-element\">\n                  <!----><span class=\"h-svg-icon h-icon__icon style-510-icon style-local-578-c6-icon\"><!--Icon by Font Awesome (https:\/\/fontawesome.com)-->\n    <svg version=\"1.1\" xmlns=\"http:\/\/www.w3.org\/2000\/svg\" xmlns:xlink=\"http:\/\/www.w3.org\/1999\/xlink\" id=\"leanpub\" viewBox=\"0 0 2048 1896.0833\">\n      <path d=\"M1893 392l155 1272q-131 0-257-57-200-91-393-91-226 0-374 148-148-148-374-148-193 0-393 91-128 57-252 57H0L155 392q224-127 482-127 233 0 387 106 154-106 387-106 258 0 482 127zm-495 987q129 0 232 28.5t260 93.5L1766 480q-171-78-368-78-224 0-374 141-150-141-374-141-197 0-368 78L158 1501q105-43 165.5-65t148.5-39.5 178-17.5q202 0 374 108 172-108 374-108zm40-34l-55-907q-211 4-359 155-152-155-374-155-176 0-336 66l-114 941q124-51 228.5-76t221.5-25q209 0 374 102 172-107 374-102z\"><\/path>\n    <\/svg><\/span><\/div>\n                <div data-colibri-id=\"578-c7\" class=\"h-text h-text-component style-512 style-local-578-c7 position-relative h-element\">\n                  <!---->\n                  <!---->\n                  <div class=\"\">\n                    <p>A votre service depuis 4 ans<\/p>\n                  <\/div>\n                <\/div>\n              <\/div>\n            <\/div>\n          <\/div>\n          <div class=\"h-column h-column-container d-flex h-col-lg-3 h-col-md-3 h-col-12 style-509-outer style-local-578-c8-outer\">\n            <div data-colibri-id=\"578-c8\" class=\"d-flex h-flex-basis h-column__inner h-px-lg-3 h-px-md-3 h-px-2 v-inner-lg-3 v-inner-md-3 v-inner-2 style-509 style-local-578-c8 position-relative\">\n              <!---->\n              <!---->\n              <div class=\"w-100 h-y-container h-column__content h-column__v-align flex-basis-100 align-self-lg-center align-self-md-center align-self-center\">\n                <!---->\n                <div data-colibri-id=\"578-c9\" class=\"h-global-transition-all h-heading style-511 style-local-578-c9 position-relative h-element\">\n                  <!---->\n                  <div class=\"h-heading__outer style-511 style-local-578-c9\">\n                    <!---->\n                    <!---->\n                    <h5 class=\"\">97 m\u00b2<\/h5>\n                  <\/div>\n                <\/div>\n                <div data-colibri-id=\"578-c10\" class=\"h-icon style-510 style-local-578-c10 position-relative h-element\">\n                  <!----><span class=\"h-svg-icon h-icon__icon style-510-icon style-local-578-c10-icon\"><!--Icon by Font Awesome (https:\/\/fontawesome.com)-->\n    <svg version=\"1.1\" xmlns=\"http:\/\/www.w3.org\/2000\/svg\" xmlns:xlink=\"http:\/\/www.w3.org\/1999\/xlink\" id=\"arrows\" viewBox=\"0 0 1792 1896.0833\">\n      <path d=\"M1792 896q0 26-19 45l-256 256q-19 19-45 19t-45-19-19-45v-128h-384v384h128q26 0 45 19t19 45-19 45l-256 256q-19 19-45 19t-45-19l-256-256q-19-19-19-45t19-45 45-19h128v-384H384v128q0 26-19 45t-45 19-45-19L19 941Q0 922 0 896t19-45l256-256q19-19 45-19t45 19 19 45v128h384V384H640q-26 0-45-19t-19-45 19-45L851 19q19-19 45-19t45 19l256 256q19 19 19 45t-19 45-45 19h-128v384h384V640q0-26 19-45t45-19 45 19l256 256q19 19 19 45z\"><\/path>\n    <\/svg><\/span><\/div>\n                <div data-colibri-id=\"578-c11\" class=\"h-text h-text-component style-512 style-local-578-c11 position-relative h-element\">\n                  <!---->\n                  <!---->\n                  <div class=\"\">\n                    <p>Surface de vie int\u00e9rieur sans box<\/p>\n                  <\/div>\n                <\/div>\n              <\/div>\n            <\/div>\n          <\/div>\n          <div class=\"h-column h-column-container d-flex h-col-lg-3 h-col-md-3 h-col-12 style-509-outer style-local-578-c12-outer\">\n            <div data-colibri-id=\"578-c12\" class=\"d-flex h-flex-basis h-column__inner h-px-lg-3 h-px-md-3 h-px-2 v-inner-lg-3 v-inner-md-3 v-inner-2 style-509 style-local-578-c12 position-relative\">\n              <!---->\n              <!---->\n              <div class=\"w-100 h-y-container h-column__content h-column__v-align flex-basis-100 align-self-lg-center align-self-md-center align-self-center\">\n                <!---->\n                <div data-colibri-id=\"578-c13\" class=\"h-global-transition-all h-heading style-511 style-local-578-c13 position-relative h-element\">\n                  <!---->\n                  <div class=\"h-heading__outer style-511 style-local-578-c13\">\n                    <!---->\n                    <!---->\n                    <h5 class=\"\">600 m\u00b2<\/h5>\n                  <\/div>\n                <\/div>\n                <div data-colibri-id=\"578-c14\" class=\"h-icon style-510 style-local-578-c14 position-relative h-element\">\n                  <!----><span class=\"h-svg-icon h-icon__icon style-510-icon style-local-578-c14-icon\"><!--Icon by Font Awesome (https:\/\/fontawesome.com)-->\n    <svg version=\"1.1\" xmlns=\"http:\/\/www.w3.org\/2000\/svg\" xmlns:xlink=\"http:\/\/www.w3.org\/1999\/xlink\" id=\"arrows-alt\" viewBox=\"0 0 1567.1139 1896.0833\">\n      <path d=\"M1283 541L928 896l355 355 144-144q29-31 70-14 39 17 39 59v448q0 26-19 45t-45 19h-448q-42 0-59-40-17-39 14-69l144-144-355-355-355 355 144 144q31 30 14 69-17 40-59 40H64q-26 0-45-19t-19-45v-448q0-42 40-59 39-17 69 14l144 144 355-355-355-355-144 144q-19 19-45 19-12 0-24-5-40-17-40-59V192q0-26 19-45t45-19h448q42 0 59 40 17 39-14 69L413 381l355 355 355-355-144-144q-31-30-14-69 17-40 59-40h448q26 0 45 19t19 45v448q0 42-39 59-13 5-25 5-26 0-45-19z\"><\/path>\n    <\/svg><\/span><\/div>\n                <div data-colibri-id=\"578-c15\" class=\"h-text h-text-component style-512 style-local-578-c15 position-relative h-element\">\n                  <!---->\n                  <!---->\n                  <div class=\"\">\n                    <p>Espace ext\u00e9rieur cl\u00f4tur\u00e9 et s\u00e9curis\u00e9<\/p>\n                  <\/div>\n                <\/div>\n              <\/div>\n            <\/div>\n          <\/div>\n          <div class=\"h-column h-column-container d-flex h-col-lg-3 h-col-md-3 h-col-12 style-513-outer style-local-578-c16-outer\">\n            <div data-colibri-id=\"578-c16\" class=\"d-flex h-flex-basis h-column__inner h-px-lg-3 h-px-md-3 h-px-2 v-inner-lg-3 v-inner-md-3 v-inner-2 style-513 style-local-578-c16 position-relative\">\n              <!---->\n              <!---->\n              <div class=\"w-100 h-y-container h-column__content h-column__v-align flex-basis-100 align-self-lg-center align-self-md-center align-self-center\">\n                <!---->\n                <div data-colibri-id=\"578-c17\" class=\"h-global-transition-all h-heading style-511 style-local-578-c17 position-relative h-element\">\n                  <!---->\n                  <div class=\"h-heading__outer style-511 style-local-578-c17\">\n                    <!---->\n                    <!---->\n                    <h5 class=\"\">178<\/h5>\n                  <\/div>\n                <\/div>\n                <div data-colibri-id=\"578-c18\" class=\"h-icon style-510 style-local-578-c18 position-relative h-element\">\n                  <!----><span class=\"h-svg-icon h-icon__icon style-510-icon style-local-578-c18-icon\"><!--Icon by Socicon (http:\/\/www.socicon.com)--><svg version=\"1.1\" xmlns=\"http:\/\/www.w3.org\/2000\/svg\" viewBox=\"0 0 1500 1500\">\n\n<path d=\"M421.875 295.898c137.695 0 205.078-82.031 196.289-155.273-8.789-61.523-67.383-117.188-181.641-120.117-93.75 0-155.273 70.313-164.063 137.695-8.789 70.313 35.156 140.625 149.414 137.695zM1113.281 278.32c131.836-5.859 187.5-73.242 190.43-137.695 0-76.172-70.313-149.414-190.43-140.625-93.75 8.789-152.344 73.242-158.203 140.625-11.719 73.242 38.086 146.484 158.203 137.695zM1195.313 574.219c-328.125 32.227-345.703 35.156-952.148 49.805-254.883 0-199.219 875.977 345.703 875.977 518.555 0 1148.438-981.445 606.445-925.781zM603.516 1344.727c-477.539 0-413.086-568.359-331.055-571.289 550.781-20.508 694.336-43.945 890.625-43.945 202.148 0-181.641 615.234-559.57 615.234z\"><\/path>\n<\/svg>\n<\/span><\/div>\n                <div data-colibri-id=\"578-c19\" class=\"h-text h-text-component style-512 style-local-578-c19 position-relative h-element\">\n                  <!---->\n                  <!---->\n                  <div class=\"\">\n                    <p><span style=\"font-weight: 400; font-size: 16px; font-family: &quot;Open Sans&quot;; color: rgb(70, 112, 127);\">Pensionnaires ravis de leurs s\u00e9jours<\/span><\/p>\n                  <\/div>\n                <\/div>\n              <\/div>\n            <\/div>\n          <\/div>\n        <\/div>\n      <\/div>\n    <\/div>\n  <\/div>\n<\/div>","protected":false},"excerpt":{"rendered":"<p>01\/10\/2021 A votre service depuis 4 ans 97 m\u00b2 Surface de vie int\u00e9rieur sans box 600 m\u00b2 Espace ext\u00e9rieur cl\u00f4tur\u00e9 et s\u00e9curis\u00e9 178 Pensionnaires ravis de leurs s\u00e9jours<\/p>\n","protected":false},"author":1,"featured_media":0,"parent":0,"menu_order":0,"comment_status":"closed","ping_status":"closed","template":"page-templates\/homepage.php","meta":{"_bbp_topic_count":0,"_bbp_reply_count":0,"_bbp_total_topic_count":0,"_bbp_total_reply_count":0,"_bbp_voice_count":0,"_bbp_anonymous_reply_count":0,"_bbp_topic_count_hidden":0,"_bbp_reply_count_hidden":0,"_bbp_forum_subforum_count":0,"footnotes":""},"class_list":["post-578","page","type-page","status-publish","hentry"],"yoast_head":"<!-- This site is optimized with the Yoast SEO plugin v27.3 - https:\/\/yoast.com\/product\/yoast-seo-wordpress\/ -->\n<title>Pension pour Animaux (74190) - Lucky Services<\/title>\n<meta name=\"robots\" content=\"index, follow, max-snippet:-1, max-image-preview:large, max-video-preview:-1\" \/>\n<link rel=\"canonical\" href=\"https:\/\/luckyservices74190.com\/\" \/>\n<meta property=\"og:locale\" content=\"fr_FR\" \/>\n<meta property=\"og:type\" content=\"article\" \/>\n<meta property=\"og:title\" content=\"Pension pour Animaux (74190) - Lucky Services\" \/>\n<meta property=\"og:description\" content=\"01\/10\/2021 A votre service depuis 4 ans 97 m\u00b2 Surface de vie int\u00e9rieur sans box 600 m\u00b2 Espace ext\u00e9rieur cl\u00f4tur\u00e9 et s\u00e9curis\u00e9 178 Pensionnaires ravis de leurs s\u00e9jours\" \/>\n<meta property=\"og:url\" content=\"https:\/\/luckyservices74190.com\/\" \/>\n<meta property=\"og:site_name\" content=\"Lucky Services\" \/>\n<meta property=\"article:publisher\" content=\"https:\/\/www.facebook.com\/LuckyServices74190\" \/>\n<meta property=\"article:modified_time\" content=\"2025-10-26T19:20:54+00:00\" \/>\n<meta name=\"twitter:card\" content=\"summary_large_image\" \/>\n<meta name=\"twitter:label1\" content=\"Dur\u00e9e de lecture estim\u00e9e\" \/>\n\t<meta name=\"twitter:data1\" content=\"1 minute\" \/>\n<script type=\"application\/ld+json\" class=\"yoast-schema-graph\">{\"@context\":\"https:\\\/\\\/schema.org\",\"@graph\":[{\"@type\":\"WebPage\",\"@id\":\"https:\\\/\\\/luckyservices74190.com\\\/\",\"url\":\"https:\\\/\\\/luckyservices74190.com\\\/\",\"name\":\"Pension pour Animaux (74190) - Lucky Services\",\"isPartOf\":{\"@id\":\"https:\\\/\\\/luckyservices74190.com\\\/#website\"},\"datePublished\":\"2024-05-19T09:21:56+00:00\",\"dateModified\":\"2025-10-26T19:20:54+00:00\",\"breadcrumb\":{\"@id\":\"https:\\\/\\\/luckyservices74190.com\\\/#breadcrumb\"},\"inLanguage\":\"fr-FR\",\"potentialAction\":[{\"@type\":\"ReadAction\",\"target\":[\"https:\\\/\\\/luckyservices74190.com\\\/\"]}]},{\"@type\":\"BreadcrumbList\",\"@id\":\"https:\\\/\\\/luckyservices74190.com\\\/#breadcrumb\",\"itemListElement\":[{\"@type\":\"ListItem\",\"position\":1,\"name\":\"Accueil\",\"item\":\"https:\\\/\\\/luckyservices74190.com\\\/\"},{\"@type\":\"ListItem\",\"position\":2,\"name\":\"Pension pour Animaux (74190)\"}]},{\"@type\":\"WebSite\",\"@id\":\"https:\\\/\\\/luckyservices74190.com\\\/#website\",\"url\":\"https:\\\/\\\/luckyservices74190.com\\\/\",\"name\":\"Lucky Services\",\"description\":\"Pension pour Animaux\",\"publisher\":{\"@id\":\"https:\\\/\\\/luckyservices74190.com\\\/#organization\"},\"potentialAction\":[{\"@type\":\"SearchAction\",\"target\":{\"@type\":\"EntryPoint\",\"urlTemplate\":\"https:\\\/\\\/luckyservices74190.com\\\/?s={search_term_string}\"},\"query-input\":{\"@type\":\"PropertyValueSpecification\",\"valueRequired\":true,\"valueName\":\"search_term_string\"}}],\"inLanguage\":\"fr-FR\"},{\"@type\":\"Organization\",\"@id\":\"https:\\\/\\\/luckyservices74190.com\\\/#organization\",\"name\":\"Lucky Services\",\"url\":\"https:\\\/\\\/luckyservices74190.com\\\/\",\"logo\":{\"@type\":\"ImageObject\",\"inLanguage\":\"fr-FR\",\"@id\":\"https:\\\/\\\/luckyservices74190.com\\\/#\\\/schema\\\/logo\\\/image\\\/\",\"url\":\"https:\\\/\\\/luckyservices74190.com\\\/wp-content\\\/uploads\\\/2025\\\/10\\\/logo.jpeg\",\"contentUrl\":\"https:\\\/\\\/luckyservices74190.com\\\/wp-content\\\/uploads\\\/2025\\\/10\\\/logo.jpeg\",\"width\":1500,\"height\":1220,\"caption\":\"Lucky Services\"},\"image\":{\"@id\":\"https:\\\/\\\/luckyservices74190.com\\\/#\\\/schema\\\/logo\\\/image\\\/\"},\"sameAs\":[\"https:\\\/\\\/www.facebook.com\\\/LuckyServices74190\"]}]}<\/script>\n<!-- \/ Yoast SEO plugin. -->","yoast_head_json":{"title":"Pension pour Animaux (74190) - Lucky Services","robots":{"index":"index","follow":"follow","max-snippet":"max-snippet:-1","max-image-preview":"max-image-preview:large","max-video-preview":"max-video-preview:-1"},"canonical":"https:\/\/luckyservices74190.com\/","og_locale":"fr_FR","og_type":"article","og_title":"Pension pour Animaux (74190) - Lucky Services","og_description":"01\/10\/2021 A votre service depuis 4 ans 97 m\u00b2 Surface de vie int\u00e9rieur sans box 600 m\u00b2 Espace ext\u00e9rieur cl\u00f4tur\u00e9 et s\u00e9curis\u00e9 178 Pensionnaires ravis de leurs s\u00e9jours","og_url":"https:\/\/luckyservices74190.com\/","og_site_name":"Lucky Services","article_publisher":"https:\/\/www.facebook.com\/LuckyServices74190","article_modified_time":"2025-10-26T19:20:54+00:00","twitter_card":"summary_large_image","twitter_misc":{"Dur\u00e9e de lecture estim\u00e9e":"1 minute"},"schema":{"@context":"https:\/\/schema.org","@graph":[{"@type":"WebPage","@id":"https:\/\/luckyservices74190.com\/","url":"https:\/\/luckyservices74190.com\/","name":"Pension pour Animaux (74190) - Lucky Services","isPartOf":{"@id":"https:\/\/luckyservices74190.com\/#website"},"datePublished":"2024-05-19T09:21:56+00:00","dateModified":"2025-10-26T19:20:54+00:00","breadcrumb":{"@id":"https:\/\/luckyservices74190.com\/#breadcrumb"},"inLanguage":"fr-FR","potentialAction":[{"@type":"ReadAction","target":["https:\/\/luckyservices74190.com\/"]}]},{"@type":"BreadcrumbList","@id":"https:\/\/luckyservices74190.com\/#breadcrumb","itemListElement":[{"@type":"ListItem","position":1,"name":"Accueil","item":"https:\/\/luckyservices74190.com\/"},{"@type":"ListItem","position":2,"name":"Pension pour Animaux (74190)"}]},{"@type":"WebSite","@id":"https:\/\/luckyservices74190.com\/#website","url":"https:\/\/luckyservices74190.com\/","name":"Lucky Services","description":"Pension pour Animaux","publisher":{"@id":"https:\/\/luckyservices74190.com\/#organization"},"potentialAction":[{"@type":"SearchAction","target":{"@type":"EntryPoint","urlTemplate":"https:\/\/luckyservices74190.com\/?s={search_term_string}"},"query-input":{"@type":"PropertyValueSpecification","valueRequired":true,"valueName":"search_term_string"}}],"inLanguage":"fr-FR"},{"@type":"Organization","@id":"https:\/\/luckyservices74190.com\/#organization","name":"Lucky Services","url":"https:\/\/luckyservices74190.com\/","logo":{"@type":"ImageObject","inLanguage":"fr-FR","@id":"https:\/\/luckyservices74190.com\/#\/schema\/logo\/image\/","url":"https:\/\/luckyservices74190.com\/wp-content\/uploads\/2025\/10\/logo.jpeg","contentUrl":"https:\/\/luckyservices74190.com\/wp-content\/uploads\/2025\/10\/logo.jpeg","width":1500,"height":1220,"caption":"Lucky Services"},"image":{"@id":"https:\/\/luckyservices74190.com\/#\/schema\/logo\/image\/"},"sameAs":["https:\/\/www.facebook.com\/LuckyServices74190"]}]}},"_links":{"self":[{"href":"https:\/\/luckyservices74190.com\/index.php\/wp-json\/wp\/v2\/pages\/578","targetHints":{"allow":["GET"]}}],"collection":[{"href":"https:\/\/luckyservices74190.com\/index.php\/wp-json\/wp\/v2\/pages"}],"about":[{"href":"https:\/\/luckyservices74190.com\/index.php\/wp-json\/wp\/v2\/types\/page"}],"author":[{"embeddable":true,"href":"https:\/\/luckyservices74190.com\/index.php\/wp-json\/wp\/v2\/users\/1"}],"replies":[{"embeddable":true,"href":"https:\/\/luckyservices74190.com\/index.php\/wp-json\/wp\/v2\/comments?post=578"}],"version-history":[{"count":20,"href":"https:\/\/luckyservices74190.com\/index.php\/wp-json\/wp\/v2\/pages\/578\/revisions"}],"predecessor-version":[{"id":1390,"href":"https:\/\/luckyservices74190.com\/index.php\/wp-json\/wp\/v2\/pages\/578\/revisions\/1390"}],"wp:attachment":[{"href":"https:\/\/luckyservices74190.com\/index.php\/wp-json\/wp\/v2\/media?parent=578"}],"curies":[{"name":"wp","href":"https:\/\/api.w.org\/{rel}","templated":true}]}}